{"id":2,"date":"2016-05-10T03:48:21","date_gmt":"2016-05-10T03:48:21","guid":{"rendered":"https:\/\/www.iparcours.fr\/news\/?page_id=2"},"modified":"2019-03-15T12:14:07","modified_gmt":"2019-03-15T12:14:07","slug":"sample-page","status":"publish","type":"page","link":"https:\/\/www.iparcours.fr\/news\/sample-page\/","title":{"rendered":"Sample Page"},"content":{"rendered":"<p>This is an example page. It&rsquo;s different from a blog post because it will stay in one place and will show up in your site navigation (in most themes). Most people start with an About page that introduces them to potential site visitors. It might say something like this:<\/p>\n<blockquote><p>Hi there! I&rsquo;m a bike messenger by day, aspiring actor by night, and this is my website. I live in Los Angeles, have a great dog named Jack, and I like pi&#241;a coladas. (And gettin&rsquo; caught in the rain.)<\/p><\/blockquote>\n<p>&#8230;or something like this:<\/p>\n<blockquote><p>The XYZ Doohickey Company was founded in 1971, and has been providing quality doohickeys to the public ever since. Located in Gotham City, XYZ employs over 2,000 people and does all kinds of awesome things for the Gotham community.<\/p><\/blockquote>\n<p>As a new WordPress user, you should go to <a href=\"https:\/\/www.iparcours.fr\/news\/wp-admin\/\">your dashboard<\/a> to delete this page and create new pages for your content. Have fun!<\/p>\n\n<div class=\"twitter-share\"><a href=\"https:\/\/twitter.com\/intent\/tweet?via=i_parcours\" class=\"twitter-share-button\" data-size=\"large\">Tweet<\/a><\/div>\n","protected":false},"excerpt":{"rendered":"<p>This is an example page. It&rsquo;s different from a blog post because it will stay in one place and will show up in your site navigation (in most themes). Most people start with an About page that introduces them to potential site visitors. It might say something like this: Hi there! I&rsquo;m a bike messenger &hellip; <a href=\"https:\/\/www.iparcours.fr\/news\/sample-page\/\" class=\"more-link\">Continuer la lecture<span class=\"screen-reader-text\"> de &laquo;&nbsp;Sample Page&nbsp;&raquo;<\/span><\/a><\/p>\n","protected":false},"author":1,"featured_media":0,"parent":0,"menu_order":0,"comment_status":"closed","ping_status":"closed","template":"","meta":{"footnotes":""},"class_list":["post-2","page","type-page","status-publish","hentry"],"yoast_head":"<!-- This site is optimized with the Yoast SEO plugin v26.9 - https:\/\/yoast.com\/product\/yoast-seo-wordpress\/ -->\n<title>Sample Page - iParcours Maths<\/title>\n<meta name=\"robots\" content=\"index, follow, max-snippet:-1, max-image-preview:large, max-video-preview:-1\" \/>\n<link rel=\"canonical\" href=\"https:\/\/www.iparcours.fr\/news\/sample-page\/\" \/>\n<meta property=\"og:locale\" content=\"fr_FR\" \/>\n<meta property=\"og:type\" content=\"article\" \/>\n<meta property=\"og:title\" content=\"Sample Page - iParcours Maths\" \/>\n<meta property=\"og:description\" content=\"This is an example page. It&rsquo;s different from a blog post because it will stay in one place and will show up in your site navigation (in most themes). Most people start with an About page that introduces them to potential site visitors. It might say something like this: Hi there! I&rsquo;m a bike messenger &hellip; Continuer la lecture de &laquo;&nbsp;Sample Page&nbsp;&raquo;\" \/>\n<meta property=\"og:url\" content=\"https:\/\/www.iparcours.fr\/news\/sample-page\/\" \/>\n<meta property=\"og:site_name\" content=\"iParcours Maths\" \/>\n<meta property=\"article:modified_time\" content=\"2019-03-15T12:14:07+00:00\" \/>\n<meta name=\"twitter:card\" content=\"summary_large_image\" \/>\n<meta name=\"twitter:label1\" content=\"Dur\u00e9e de lecture estim\u00e9e\" \/>\n\t<meta name=\"twitter:data1\" content=\"1 minute\" \/>\n<script type=\"application\/ld+json\" class=\"yoast-schema-graph\">{\"@context\":\"https:\/\/schema.org\",\"@graph\":[{\"@type\":\"WebPage\",\"@id\":\"https:\/\/www.iparcours.fr\/news\/sample-page\/\",\"url\":\"https:\/\/www.iparcours.fr\/news\/sample-page\/\",\"name\":\"Sample Page - iParcours Maths\",\"isPartOf\":{\"@id\":\"https:\/\/www.iparcours.fr\/news\/#website\"},\"datePublished\":\"2016-05-10T03:48:21+00:00\",\"dateModified\":\"2019-03-15T12:14:07+00:00\",\"breadcrumb\":{\"@id\":\"https:\/\/www.iparcours.fr\/news\/sample-page\/#breadcrumb\"},\"inLanguage\":\"fr-FR\",\"potentialAction\":[{\"@type\":\"ReadAction\",\"target\":[\"https:\/\/www.iparcours.fr\/news\/sample-page\/\"]}]},{\"@type\":\"BreadcrumbList\",\"@id\":\"https:\/\/www.iparcours.fr\/news\/sample-page\/#breadcrumb\",\"itemListElement\":[{\"@type\":\"ListItem\",\"position\":1,\"name\":\"Accueil\",\"item\":\"https:\/\/www.iparcours.fr\/news\/\"},{\"@type\":\"ListItem\",\"position\":2,\"name\":\"Sample Page\"}]},{\"@type\":\"WebSite\",\"@id\":\"https:\/\/www.iparcours.fr\/news\/#website\",\"url\":\"https:\/\/www.iparcours.fr\/news\/\",\"name\":\"iParcours Maths\",\"description\":\"Blog d&#039;actualit\u00e9s, Espace d&#039;\u00e9changes iParcours\",\"publisher\":{\"@id\":\"https:\/\/www.iparcours.fr\/news\/#organization\"},\"potentialAction\":[{\"@type\":\"SearchAction\",\"target\":{\"@type\":\"EntryPoint\",\"urlTemplate\":\"https:\/\/www.iparcours.fr\/news\/?s={search_term_string}\"},\"query-input\":{\"@type\":\"PropertyValueSpecification\",\"valueRequired\":true,\"valueName\":\"search_term_string\"}}],\"inLanguage\":\"fr-FR\"},{\"@type\":\"Organization\",\"@id\":\"https:\/\/www.iparcours.fr\/news\/#organization\",\"name\":\"Collection iParcours Maths aux \u00e9ditions G\u00e9n\u00e9ration 5\",\"url\":\"https:\/\/www.iparcours.fr\/news\/\",\"logo\":{\"@type\":\"ImageObject\",\"inLanguage\":\"fr-FR\",\"@id\":\"https:\/\/www.iparcours.fr\/news\/#\/schema\/logo\/image\/\",\"url\":\"https:\/\/www.iparcours.fr\/news\/wp-content\/uploads\/2019\/01\/logo_iParcours.png\",\"contentUrl\":\"https:\/\/www.iparcours.fr\/news\/wp-content\/uploads\/2019\/01\/logo_iParcours.png\",\"width\":500,\"height\":131,\"caption\":\"Collection iParcours Maths aux \u00e9ditions G\u00e9n\u00e9ration 5\"},\"image\":{\"@id\":\"https:\/\/www.iparcours.fr\/news\/#\/schema\/logo\/image\/\"}}]}<\/script>\n<!-- \/ Yoast SEO plugin. -->","yoast_head_json":{"title":"Sample Page - iParcours Maths","robots":{"index":"index","follow":"follow","max-snippet":"max-snippet:-1","max-image-preview":"max-image-preview:large","max-video-preview":"max-video-preview:-1"},"canonical":"https:\/\/www.iparcours.fr\/news\/sample-page\/","og_locale":"fr_FR","og_type":"article","og_title":"Sample Page - iParcours Maths","og_description":"This is an example page. It&rsquo;s different from a blog post because it will stay in one place and will show up in your site navigation (in most themes). Most people start with an About page that introduces them to potential site visitors. It might say something like this: Hi there! I&rsquo;m a bike messenger &hellip; Continuer la lecture de &laquo;&nbsp;Sample Page&nbsp;&raquo;","og_url":"https:\/\/www.iparcours.fr\/news\/sample-page\/","og_site_name":"iParcours Maths","article_modified_time":"2019-03-15T12:14:07+00:00","twitter_card":"summary_large_image","twitter_misc":{"Dur\u00e9e de lecture estim\u00e9e":"1 minute"},"schema":{"@context":"https:\/\/schema.org","@graph":[{"@type":"WebPage","@id":"https:\/\/www.iparcours.fr\/news\/sample-page\/","url":"https:\/\/www.iparcours.fr\/news\/sample-page\/","name":"Sample Page - iParcours Maths","isPartOf":{"@id":"https:\/\/www.iparcours.fr\/news\/#website"},"datePublished":"2016-05-10T03:48:21+00:00","dateModified":"2019-03-15T12:14:07+00:00","breadcrumb":{"@id":"https:\/\/www.iparcours.fr\/news\/sample-page\/#breadcrumb"},"inLanguage":"fr-FR","potentialAction":[{"@type":"ReadAction","target":["https:\/\/www.iparcours.fr\/news\/sample-page\/"]}]},{"@type":"BreadcrumbList","@id":"https:\/\/www.iparcours.fr\/news\/sample-page\/#breadcrumb","itemListElement":[{"@type":"ListItem","position":1,"name":"Accueil","item":"https:\/\/www.iparcours.fr\/news\/"},{"@type":"ListItem","position":2,"name":"Sample Page"}]},{"@type":"WebSite","@id":"https:\/\/www.iparcours.fr\/news\/#website","url":"https:\/\/www.iparcours.fr\/news\/","name":"iParcours Maths","description":"Blog d&#039;actualit\u00e9s, Espace d&#039;\u00e9changes iParcours","publisher":{"@id":"https:\/\/www.iparcours.fr\/news\/#organization"},"potentialAction":[{"@type":"SearchAction","target":{"@type":"EntryPoint","urlTemplate":"https:\/\/www.iparcours.fr\/news\/?s={search_term_string}"},"query-input":{"@type":"PropertyValueSpecification","valueRequired":true,"valueName":"search_term_string"}}],"inLanguage":"fr-FR"},{"@type":"Organization","@id":"https:\/\/www.iparcours.fr\/news\/#organization","name":"Collection iParcours Maths aux \u00e9ditions G\u00e9n\u00e9ration 5","url":"https:\/\/www.iparcours.fr\/news\/","logo":{"@type":"ImageObject","inLanguage":"fr-FR","@id":"https:\/\/www.iparcours.fr\/news\/#\/schema\/logo\/image\/","url":"https:\/\/www.iparcours.fr\/news\/wp-content\/uploads\/2019\/01\/logo_iParcours.png","contentUrl":"https:\/\/www.iparcours.fr\/news\/wp-content\/uploads\/2019\/01\/logo_iParcours.png","width":500,"height":131,"caption":"Collection iParcours Maths aux \u00e9ditions G\u00e9n\u00e9ration 5"},"image":{"@id":"https:\/\/www.iparcours.fr\/news\/#\/schema\/logo\/image\/"}}]}},"_links":{"self":[{"href":"https:\/\/www.iparcours.fr\/news\/wp-json\/wp\/v2\/pages\/2","targetHints":{"allow":["GET"]}}],"collection":[{"href":"https:\/\/www.iparcours.fr\/news\/wp-json\/wp\/v2\/pages"}],"about":[{"href":"https:\/\/www.iparcours.fr\/news\/wp-json\/wp\/v2\/types\/page"}],"author":[{"embeddable":true,"href":"https:\/\/www.iparcours.fr\/news\/wp-json\/wp\/v2\/users\/1"}],"replies":[{"embeddable":true,"href":"https:\/\/www.iparcours.fr\/news\/wp-json\/wp\/v2\/comments?post=2"}],"version-history":[{"count":1,"href":"https:\/\/www.iparcours.fr\/news\/wp-json\/wp\/v2\/pages\/2\/revisions"}],"predecessor-version":[{"id":107,"href":"https:\/\/www.iparcours.fr\/news\/wp-json\/wp\/v2\/pages\/2\/revisions\/107"}],"wp:attachment":[{"href":"https:\/\/www.iparcours.fr\/news\/wp-json\/wp\/v2\/media?parent=2"}],"curies":[{"name":"wp","href":"https:\/\/api.w.org\/{rel}","templated":true}]}}